{"id":2,"date":"2023-10-03T23:33:16","date_gmt":"2023-10-03T23:33:16","guid":{"rendered":"https:\/\/fetracs-es.org.br\/?page_id=2"},"modified":"2026-01-23T17:40:47","modified_gmt":"2026-01-23T17:40:47","slug":"sample-page","status":"publish","type":"page","link":"https:\/\/fetracs-es.org.br\/","title":{"rendered":"Fetracs"},"content":{"rendered":"\t\t<div data-elementor-type=\"wp-page\" data-elementor-id=\"2\" class=\"elementor elementor-2\">\n\t\t\t\t\t\t\t<div class=\"elementor-element elementor-element-a0b3310 e-flex e-con-boxed e-con e-parent\" data-id=\"a0b3310\" data-element_type=\"container\" data-settings=\"{&quot;background_background&quot;:&quot;classic&quot;,&quot;content_width&quot;:&quot;boxed&quot;}\" data-core-v316-plus=\"true\">\n\t\t\t\t\t<div class=\"e-con-inner\">\n\t\t\t\t<div class=\"elementor-element elementor-element-bc89f48 elementor-widget elementor-widget-image\" data-id=\"bc89f48\" data-element_type=\"widget\" data-widget_type=\"image.default\">\n\t\t\t\t<div class=\"elementor-widget-container\">\n\t\t\t<style>\/*! elementor - v3.16.0 - 20-09-2023 *\/\n.elementor-widget-image{text-align:center}.elementor-widget-image a{display:inline-block}.elementor-widget-image a img[src$=\".svg\"]{width:48px}.elementor-widget-image img{vertical-align:middle;display:inline-block}<\/style>\t\t\t\t\t\t\t\t\t\t\t\t<img decoding=\"async\" loading=\"lazy\" width=\"300\" height=\"213\" src=\"https:\/\/fetracs-es.org.br\/wp-content\/uploads\/2023\/10\/Logo_fetracs-1.png\" class=\"attachment-medium size-medium wp-image-117\" alt=\"\" \/>\t\t\t\t\t\t\t\t\t\t\t\t\t\t\t<\/div>\n\t\t\t\t<\/div>\n\t\t\t\t\t<\/div>\n\t\t\t\t<\/div>\n\t\t<div class=\"elementor-element elementor-element-fcaa326 e-flex e-con-boxed e-con e-parent\" data-id=\"fcaa326\" data-element_type=\"container\" data-settings=\"{&quot;background_background&quot;:&quot;classic&quot;,&quot;content_width&quot;:&quot;boxed&quot;}\" data-core-v316-plus=\"true\">\n\t\t\t\t\t<div class=\"e-con-inner\">\n\t\t<div class=\"elementor-element elementor-element-3af4945 e-con-full e-flex e-con e-child\" data-id=\"3af4945\" data-element_type=\"container\" data-settings=\"{&quot;content_width&quot;:&quot;full&quot;}\">\n\t\t\t\t<div class=\"elementor-element elementor-element-1233adf elementor-view-default elementor-widget elementor-widget-icon\" data-id=\"1233adf\" data-element_type=\"widget\" data-widget_type=\"icon.default\">\n\t\t\t\t<div class=\"elementor-widget-container\">\n\t\t\t\t\t<div class=\"elementor-icon-wrapper\">\n\t\t\t<div class=\"elementor-icon\">\n\t\t\t<i aria-hidden=\"true\" class=\"fas fa-file-pdf\"><\/i>\t\t\t<\/div>\n\t\t<\/div>\n\t\t\t\t<\/div>\n\t\t\t\t<\/div>\n\t\t\t\t<div class=\"elementor-element elementor-element-edfb3c1 elementor-align-center elementor-widget elementor-widget-button\" data-id=\"edfb3c1\" data-element_type=\"widget\" data-widget_type=\"button.default\">\n\t\t\t\t<div class=\"elementor-widget-container\">\n\t\t\t\t\t<div class=\"elementor-button-wrapper\">\n\t\t\t<a class=\"elementor-button elementor-button-link elementor-size-sm\" href=\"https:\/\/fetracs-es.org.br\/wp-content\/uploads\/2026\/01\/ADITIVO_-_CONVENCAO_COLETIVA_DE_TRABALHO_SINDLOC_E_FETRACS_2024-2026_-_assinado-1-3.pdf\" target=\"_blank\">\n\t\t\t\t\t\t<span class=\"elementor-button-content-wrapper\">\n\t\t\t\t\t\t<span class=\"elementor-button-text\">ADITIVO CCT COLETIVA VISTORIA VEICULAR  2024\/2026<\/span>\n\t\t<\/span>\n\t\t\t\t\t<\/a>\n\t\t<\/div>\n\t\t\t\t<\/div>\n\t\t\t\t<\/div>\n\t\t\t\t<div class=\"elementor-element elementor-element-822f7be elementor-align-center elementor-widget elementor-widget-button\" data-id=\"822f7be\" data-element_type=\"widget\" data-widget_type=\"button.default\">\n\t\t\t\t<div class=\"elementor-widget-container\">\n\t\t\t\t\t<div class=\"elementor-button-wrapper\">\n\t\t\t<a class=\"elementor-button elementor-button-link elementor-size-sm\" href=\"https:\/\/fetracs-es.org.br\/wp-content\/uploads\/2025\/01\/CONVENCAO_COLETIVA_DE_TRABALHO_VISTORIA_VEICULAR_2024-2026.pdf\" target=\"_blank\">\n\t\t\t\t\t\t<span class=\"elementor-button-content-wrapper\">\n\t\t\t\t\t\t<span class=\"elementor-button-text\">CONVEN\u00c7\u00c3O COLETIVA DE TRABALHO<br> 2024\/2026 \/ VISTORIA VEICULAR <\/span>\n\t\t<\/span>\n\t\t\t\t\t<\/a>\n\t\t<\/div>\n\t\t\t\t<\/div>\n\t\t\t\t<\/div>\n\t\t\t\t<div class=\"elementor-element elementor-element-68e8152 elementor-align-center elementor-widget elementor-widget-button\" data-id=\"68e8152\" data-element_type=\"widget\" data-widget_type=\"button.default\">\n\t\t\t\t<div class=\"elementor-widget-container\">\n\t\t\t\t\t<div class=\"elementor-button-wrapper\">\n\t\t\t<a class=\"elementor-button elementor-button-link elementor-size-sm\" href=\"https:\/\/fetracs-es.org.br\/wp-content\/uploads\/2023\/10\/cct_Fetracs_Vistoria_Veicular.pdf\" target=\"_blank\">\n\t\t\t\t\t\t<span class=\"elementor-button-content-wrapper\">\n\t\t\t\t\t\t<span class=\"elementor-button-text\">CONVEN\u00c7\u00c3O COLETIVA DE TRABALHO<br> 2024\/2023 \/ VISTORIA VEICULAR<\/span>\n\t\t<\/span>\n\t\t\t\t\t<\/a>\n\t\t<\/div>\n\t\t\t\t<\/div>\n\t\t\t\t<\/div>\n\t\t\t\t<div class=\"elementor-element elementor-element-93a9024 elementor-align-center elementor-widget elementor-widget-button\" data-id=\"93a9024\" data-element_type=\"widget\" data-widget_type=\"button.default\">\n\t\t\t\t<div class=\"elementor-widget-container\">\n\t\t\t\t\t<div class=\"elementor-button-wrapper\">\n\t\t\t<a class=\"elementor-button elementor-button-link elementor-size-sm\" href=\"https:\/\/fetracs-es.org.br\/wp-content\/uploads\/2025\/01\/CONVENCAO-COLETIVA-DE-TRABALHO-2024-2026-LOCADORAS-DE-VEICULOS-AUTOMOTORES-1.pdf\" target=\"_blank\">\n\t\t\t\t\t\t<span class=\"elementor-button-content-wrapper\">\n\t\t\t\t\t\t<span class=\"elementor-button-text\">CONVEN\u00c7\u00c3O COLETIVA DE TRABALHO 2024\/2026\/ LOCADORAS DE VE\u00cdCULOS AUTOMOTORES<\/span>\n\t\t<\/span>\n\t\t\t\t\t<\/a>\n\t\t<\/div>\n\t\t\t\t<\/div>\n\t\t\t\t<\/div>\n\t\t\t\t<\/div>\n\t\t<div class=\"elementor-element elementor-element-6b573b5 e-con-full e-flex e-con e-child\" data-id=\"6b573b5\" data-element_type=\"container\" data-settings=\"{&quot;content_width&quot;:&quot;full&quot;}\">\n\t\t\t\t<div class=\"elementor-element elementor-element-5ee46c4 elementor-view-default elementor-widget elementor-widget-icon\" data-id=\"5ee46c4\" data-element_type=\"widget\" data-widget_type=\"icon.default\">\n\t\t\t\t<div class=\"elementor-widget-container\">\n\t\t\t\t\t<div class=\"elementor-icon-wrapper\">\n\t\t\t<div class=\"elementor-icon\">\n\t\t\t<i aria-hidden=\"true\" class=\"fas fa-file-pdf\"><\/i>\t\t\t<\/div>\n\t\t<\/div>\n\t\t\t\t<\/div>\n\t\t\t\t<\/div>\n\t\t\t\t<div class=\"elementor-element elementor-element-6fd8d4b elementor-align-center elementor-widget elementor-widget-button\" data-id=\"6fd8d4b\" data-element_type=\"widget\" data-widget_type=\"button.default\">\n\t\t\t\t<div class=\"elementor-widget-container\">\n\t\t\t\t\t<div class=\"elementor-button-wrapper\">\n\t\t\t<a class=\"elementor-button elementor-button-link elementor-size-sm\" href=\"https:\/\/fetracs-es.org.br\/wp-content\/uploads\/2026\/01\/CCT-SINDEPRES-X-FETRACS-GERAL-_-HOMOLOGADA-2025-2027.pdf\" target=\"_blank\">\n\t\t\t\t\t\t<span class=\"elementor-button-content-wrapper\">\n\t\t\t\t\t\t<span class=\"elementor-button-text\">CONVEN\u00c7\u00c3O COLETIVA DETRABALHO 2026\/2027 <\/BR> PRESTA\u00c7\u00c3O DE SERVI\u00c7OS<\/span>\n\t\t<\/span>\n\t\t\t\t\t<\/a>\n\t\t<\/div>\n\t\t\t\t<\/div>\n\t\t\t\t<\/div>\n\t\t\t\t<div class=\"elementor-element elementor-element-11fd1ae elementor-align-center elementor-widget elementor-widget-button\" data-id=\"11fd1ae\" data-element_type=\"widget\" data-widget_type=\"button.default\">\n\t\t\t\t<div class=\"elementor-widget-container\">\n\t\t\t\t\t<div class=\"elementor-button-wrapper\">\n\t\t\t<a class=\"elementor-button elementor-button-link elementor-size-sm\" href=\"https:\/\/fetracs-es.org.br\/wp-content\/uploads\/2025\/11\/ADITIVO_-_CONVENCAO_COLETIVA_DE_TRABALHO_SINDLOC_E_FETRACS_2025-2026.pdf\" target=\"_blank\">\n\t\t\t\t\t\t<span class=\"elementor-button-content-wrapper\">\n\t\t\t\t\t\t<span class=\"elementor-button-text\">ADITIVO CONVEN\u00c7\u00c3O COLETIVA DE TRABALHO 2025\/2026<\/span>\n\t\t<\/span>\n\t\t\t\t\t<\/a>\n\t\t<\/div>\n\t\t\t\t<\/div>\n\t\t\t\t<\/div>\n\t\t\t\t<div class=\"elementor-element elementor-element-5e1ee3b elementor-align-center elementor-widget elementor-widget-button\" data-id=\"5e1ee3b\" data-element_type=\"widget\" data-widget_type=\"button.default\">\n\t\t\t\t<div class=\"elementor-widget-container\">\n\t\t\t\t\t<div class=\"elementor-button-wrapper\">\n\t\t\t<a class=\"elementor-button elementor-button-link elementor-size-sm\" href=\"https:\/\/fetracs-es.org.br\/wp-content\/uploads\/2025\/01\/ADITIVO_CONVENCAO_COLETIVA_DE_TRABALHO_PRESTACAO_DE_SERVICO_2024-2025.pdf\" target=\"_blank\">\n\t\t\t\t\t\t<span class=\"elementor-button-content-wrapper\">\n\t\t\t\t\t\t<span class=\"elementor-button-text\">TERMO ADITIVO A CONVEN\u00c7\u00c3O COLETIVA DE TRABALHO 2024\/2025\/ PRESTA\u00c7\u00c3O DE SERVI\u00c7OS<\/span>\n\t\t<\/span>\n\t\t\t\t\t<\/a>\n\t\t<\/div>\n\t\t\t\t<\/div>\n\t\t\t\t<\/div>\n\t\t\t\t<div class=\"elementor-element elementor-element-ed511cc elementor-align-center elementor-widget elementor-widget-button\" data-id=\"ed511cc\" data-element_type=\"widget\" data-widget_type=\"button.default\">\n\t\t\t\t<div class=\"elementor-widget-container\">\n\t\t\t\t\t<div class=\"elementor-button-wrapper\">\n\t\t\t<a class=\"elementor-button elementor-button-link elementor-size-sm\" href=\"https:\/\/fetracs-es.org.br\/wp-content\/uploads\/2023\/10\/Mediador_Extrato_Convencao_Coletiva.pdf\" target=\"_blank\">\n\t\t\t\t\t\t<span class=\"elementor-button-content-wrapper\">\n\t\t\t\t\t\t<span class=\"elementor-button-text\">CONVEN\u00c7\u00c3O COLETIVA DE TRABALHO 2023\/2023 <\/BR>PRESTA\u00c7\u00c3O DE SERVI\u00c7OS<\/span>\n\t\t<\/span>\n\t\t\t\t\t<\/a>\n\t\t<\/div>\n\t\t\t\t<\/div>\n\t\t\t\t<\/div>\n\t\t\t\t<\/div>\n\t\t\t\t\t<\/div>\n\t\t\t\t<\/div>\n\t\t<div class=\"elementor-element elementor-element-d338a51 e-flex e-con-boxed e-con e-parent\" data-id=\"d338a51\" data-element_type=\"container\" data-settings=\"{&quot;background_background&quot;:&quot;classic&quot;,&quot;content_width&quot;:&quot;boxed&quot;}\" data-core-v316-plus=\"true\">\n\t\t\t\t\t<div class=\"e-con-inner\">\n\t\t<div class=\"elementor-element elementor-element-cb10871 e-con-full e-flex e-con e-child\" data-id=\"cb10871\" data-element_type=\"container\" data-settings=\"{&quot;content_width&quot;:&quot;full&quot;}\">\n\t\t\t\t<div class=\"elementor-element elementor-element-d267352 elementor-view-default elementor-widget elementor-widget-icon\" data-id=\"d267352\" data-element_type=\"widget\" data-widget_type=\"icon.default\">\n\t\t\t\t<div class=\"elementor-widget-container\">\n\t\t\t\t\t<div class=\"elementor-icon-wrapper\">\n\t\t\t<div class=\"elementor-icon\">\n\t\t\t<i aria-hidden=\"true\" class=\"fas fa-map-marker-alt\"><\/i>\t\t\t<\/div>\n\t\t<\/div>\n\t\t\t\t<\/div>\n\t\t\t\t<\/div>\n\t\t\t\t<div class=\"elementor-element elementor-element-c3a9f81 elementor-widget elementor-widget-text-editor\" data-id=\"c3a9f81\" data-element_type=\"widget\" data-widget_type=\"text-editor.default\">\n\t\t\t\t<div class=\"elementor-widget-container\">\n\t\t\t<style>\/*! elementor - v3.16.0 - 20-09-2023 *\/\n.elementor-widget-text-editor.elementor-drop-cap-view-stacked .elementor-drop-cap{background-color:#69727d;color:#fff}.elementor-widget-text-editor.elementor-drop-cap-view-framed .elementor-drop-cap{color:#69727d;border:3px solid;background-color:transparent}.elementor-widget-text-editor:not(.elementor-drop-cap-view-default) .elementor-drop-cap{margin-top:8px}.elementor-widget-text-editor:not(.elementor-drop-cap-view-default) .elementor-drop-cap-letter{width:1em;height:1em}.elementor-widget-text-editor .elementor-drop-cap{float:left;text-align:center;line-height:1;font-size:50px}.elementor-widget-text-editor .elementor-drop-cap-letter{display:inline-block}<\/style>\t\t\t\t<strong>Endere\u00e7o:<\/strong>\n<i class=\"fa-solid fa-map-pin\"><\/i> <a style=\"text-decoration: none !important; color: #fff;\" href=\"https:\/\/maps.app.goo.gl\/fdAidJZ77KBXzYJS7\" target=\"_blank\" rel=\"noopener\">Rua Caramuru, 37, Centro &#8211; Vit\u00f3ria\/ES<\/a>\t\t\t\t\t\t<\/div>\n\t\t\t\t<\/div>\n\t\t\t\t<\/div>\n\t\t<div class=\"elementor-element elementor-element-9f97b70 e-con-full e-flex e-con e-child\" data-id=\"9f97b70\" data-element_type=\"container\" data-settings=\"{&quot;content_width&quot;:&quot;full&quot;}\">\n\t\t\t\t<div class=\"elementor-element elementor-element-8be4838 elementor-view-default elementor-widget elementor-widget-icon\" data-id=\"8be4838\" data-element_type=\"widget\" data-widget_type=\"icon.default\">\n\t\t\t\t<div class=\"elementor-widget-container\">\n\t\t\t\t\t<div class=\"elementor-icon-wrapper\">\n\t\t\t<div class=\"elementor-icon\">\n\t\t\t<i aria-hidden=\"true\" class=\"far fa-address-book\"><\/i>\t\t\t<\/div>\n\t\t<\/div>\n\t\t\t\t<\/div>\n\t\t\t\t<\/div>\n\t\t\t\t<div class=\"elementor-element elementor-element-27f39c1 elementor-widget elementor-widget-text-editor\" data-id=\"27f39c1\" data-element_type=\"widget\" data-widget_type=\"text-editor.default\">\n\t\t\t\t<div class=\"elementor-widget-container\">\n\t\t\t\t\t\t\t<strong>Telefone:<\/strong>\n\n<i class=\"fa-solid fa-phone\"><\/i> <a style=\"text-decoration: none !important; color: #fff;\" href=\"tel:273132-7780\" target=\"_blank\" rel=\"noopener\">(27) 3132-7780<\/a> \/ \n<i class=\"fa-solid fa-phone\"><\/i> <a style=\"text-decoration: none !important; color: #fff;\" href=\"tel:2799650-1540\" target=\"_blank\" rel=\"noopener\">(27) 99650-1540<\/a>\t\t\t\t\t\t<\/div>\n\t\t\t\t<\/div>\n\t\t\t\t<\/div>\n\t\t\t\t\t<\/div>\n\t\t\t\t<\/div>\n\t\t\t\t\t\t\t<\/div>\n\t\t","protected":false},"excerpt":{"rendered":"<p>ADITIVO CCT COLETIVA VISTORIA VEICULAR 2024\/2026 CONVEN\u00c7\u00c3O COLETIVA DE TRABALHO 2024\/2026 \/ VISTORIA VEICULAR CONVEN\u00c7\u00c3O COLETIVA DE TRABALHO 2024\/2023 \/ VISTORIA VEICULAR CONVEN\u00c7\u00c3O COLETIVA DE TRABALHO 2024\/2026\/ LOCADORAS DE VE\u00cdCULOS AUTOMOTORES CONVEN\u00c7\u00c3O COLETIVA DETRABALHO 2026\/2027 PRESTA\u00c7\u00c3O DE SERVI\u00c7OS ADITIVO CONVEN\u00c7\u00c3O COLETIVA DE TRABALHO 2025\/2026 TERMO ADITIVO A CONVEN\u00c7\u00c3O COLETIVA DE TRABALHO 2024\/2025\/ PRESTA\u00c7\u00c3O DE SERVI\u00c7OS [&hellip;]<\/p>\n","protected":false},"author":1,"featured_media":0,"parent":0,"menu_order":0,"comment_status":"closed","ping_status":"open","template":"","meta":{"footnotes":""},"_links":{"self":[{"href":"https:\/\/fetracs-es.org.br\/index.php\/wp-json\/wp\/v2\/pages\/2"}],"collection":[{"href":"https:\/\/fetracs-es.org.br\/index.php\/wp-json\/wp\/v2\/pages"}],"about":[{"href":"https:\/\/fetracs-es.org.br\/index.php\/wp-json\/wp\/v2\/types\/page"}],"author":[{"embeddable":true,"href":"https:\/\/fetracs-es.org.br\/index.php\/wp-json\/wp\/v2\/users\/1"}],"replies":[{"embeddable":true,"href":"https:\/\/fetracs-es.org.br\/index.php\/wp-json\/wp\/v2\/comments?post=2"}],"version-history":[{"count":237,"href":"https:\/\/fetracs-es.org.br\/index.php\/wp-json\/wp\/v2\/pages\/2\/revisions"}],"predecessor-version":[{"id":283,"href":"https:\/\/fetracs-es.org.br\/index.php\/wp-json\/wp\/v2\/pages\/2\/revisions\/283"}],"wp:attachment":[{"href":"https:\/\/fetracs-es.org.br\/index.php\/wp-json\/wp\/v2\/media?parent=2"}],"curies":[{"name":"wp","href":"https:\/\/api.w.org\/{rel}","templated":true}]}}